{"id":512,"date":"2023-06-29T10:51:39","date_gmt":"2023-06-29T10:51:39","guid":{"rendered":"https:\/\/oftalmologiaveterinariamadrid.es\/?page_id=512"},"modified":"2023-07-24T17:37:28","modified_gmt":"2023-07-24T17:37:28","slug":"casos-de-exito","status":"publish","type":"page","link":"https:\/\/oftalmologiaveterinariamadrid.es\/en\/casos-de-exito\/","title":{"rendered":"Casos de exito"},"content":{"rendered":"<p>[et_pb_section fb_built=\u00bb1&#8243; _builder_version=\u00bb4.8.1&#8243; _module_preset=\u00bbdefault\u00bb background_color=\u00bbRGBA(0,0,0,0)\u00bb use_background_color_gradient=\u00bbon\u00bb background_color_gradient_start=\u00bbrgba(108,170,197,0.7)\u00bb background_color_gradient_end=\u00bbrgba(108,170,197,0.7)\u00bb background_color_gradient_overlays_image=\u00bbon\u00bb background_image=\u00bbhttps:\/\/oftalmologiaveterinariamadrid.es\/wp-content\/uploads\/2023\/06\/veterinario-carabanchel-3.jpg\u00bb min_height=\u00bb301.4px\u00bb custom_padding=\u00bb105px||105px||false|\u00bb filter_hue_rotate=\u00bb250deg\u00bb filter_saturate=\u00bb110%\u00bb bottom_divider_style=\u00bbarrow2&#8243; bottom_divider_color=\u00bb#f3f6fa\u00bb][et_pb_row _builder_version=\u00bb4.7.4&#8243; _module_preset=\u00bbdefault\u00bb][et_pb_column type=\u00bb4_4&#8243; _builder_version=\u00bb4.7.4&#8243; _module_preset=\u00bbdefault\u00bb][et_pb_text _builder_version=\u00bb4.8.1&#8243; _module_preset=\u00bbdefault\u00bb text_font=\u00bbPoppins|500|||||||\u00bb text_text_color=\u00bb#ffffff\u00bb text_font_size=\u00bb56px\u00bb text_line_height=\u00bb1.1em\u00bb header_font=\u00bbautumn||||||||\u00bb header_text_color=\u00bb#ffffff\u00bb header_font_size=\u00bb55px\u00bb header_line_height=\u00bb1.2em\u00bb text_orientation=\u00bbcenter\u00bb custom_margin=\u00bb||0px||false|false\u00bb header_font_size_tablet=\u00bb47px\u00bb header_font_size_phone=\u00bb34px\u00bb header_font_size_last_edited=\u00bbon|desktop\u00bb header_line_height_tablet=\u00bb1.1em\u00bb header_line_height_phone=\u00bb1.4em\u00bb header_line_height_last_edited=\u00bbon|tablet\u00bb locked=\u00bboff\u00bb]<\/p>\n<h1>Nuestros casos de \u00e9xito<\/h1>\n<p>[\/et_pb_text][\/et_pb_column][\/et_pb_row][et_pb_row _builder_version=\u00bb4.8.1&#8243; _module_preset=\u00bbdefault\u00bb][et_pb_column type=\u00bb4_4&#8243; _builder_version=\u00bb4.8.1&#8243; _module_preset=\u00bbdefault\u00bb][et_pb_button button_url=\u00bbhttps:\/\/oftalmologiaveterinariamadrid.es\/pedir-cita\/\u00bb button_text=\u00bbPide tu cita \u00bb button_alignment=\u00bbcenter\u00bb _builder_version=\u00bb4.8.1&#8243; _module_preset=\u00bbdefault\u00bb custom_button=\u00bbon\u00bb button_text_size=\u00bb17px\u00bb button_text_color=\u00bb#6caac5&#8243; button_bg_color=\u00bb#ffffff\u00bb button_border_width=\u00bb0px\u00bb button_border_radius=\u00bb35px\u00bb button_font=\u00bbPoppins||||||||\u00bb button_use_icon=\u00bboff\u00bb custom_padding=\u00bb12px|35px|12px|35px|true|true\u00bb locked=\u00bboff\u00bb][\/et_pb_button][\/et_pb_column][\/et_pb_row][\/et_pb_section][et_pb_section fb_built=\u00bb1&#8243; _builder_version=\u00bb4.7.4&#8243; _module_preset=\u00bbdefault\u00bb][\/et_pb_section][et_pb_section fb_built=\u00bb1&#8243; _builder_version=\u00bb4.7.4&#8243; _module_preset=\u00bbdefault\u00bb][et_pb_row _builder_version=\u00bb4.7.4&#8243; _module_preset=\u00bbdefault\u00bb][et_pb_column type=\u00bb4_4&#8243; _builder_version=\u00bb4.7.4&#8243; _module_preset=\u00bbdefault\u00bb][et_pb_text _builder_version=\u00bb4.8.1&#8243; _module_preset=\u00bbdefault\u00bb header_3_font=\u00bbautumn||||||||\u00bb header_3_text_color=\u00bb#000000&#8243; header_3_font_size=\u00bb36px\u00bb header_3_line_height=\u00bb1.8em\u00bb custom_margin=\u00bb||0px||false|false\u00bb header_3_font_size_tablet=\u00bb32px\u00bb header_3_font_size_phone=\u00bb28px\u00bb header_3_font_size_last_edited=\u00bbon|phone\u00bb locked=\u00bboff\u00bb header_3_font_size__hover_enabled=\u00bboff|desktop\u00bb]<\/p>\n<h3 style=\"text-align: center;\">Nuestros casos m\u00e1s destacados<\/h3>\n<p>[\/et_pb_text][et_pb_text _builder_version=\u00bb4.8.1&#8243; _module_preset=\u00bbdefault\u00bb text_font=\u00bbMuli|600|||||||\u00bb text_text_color=\u00bb#000000&#8243; text_font_size=\u00bb16px\u00bb text_line_height=\u00bb1.9em\u00bb locked=\u00bboff\u00bb]<\/p>\n<p style=\"text-align: center;\">En nuestra cl\u00ednica oftalmol\u00f3gica, no solo queremos informale y ense\u00f1arle nuestras capacidades, sino que adem\u00e1s queremos demostrarle de lo que somos capaces con los casos de algunos de nuestros pacientes.<\/p>\n<p>[\/et_pb_text][\/et_pb_column][\/et_pb_row][et_pb_row _builder_version=\u00bb4.7.4&#8243; _module_preset=\u00bbdefault\u00bb][et_pb_column type=\u00bb4_4&#8243; _builder_version=\u00bb4.7.4&#8243; _module_preset=\u00bbdefault\u00bb][et_pb_blog fullwidth=\u00bboff\u00bb posts_number=\u00bb9&#8243; include_categories=\u00bb13&#8243; excerpt_length=\u00bb100&#8243; _builder_version=\u00bb4.8.1&#8243; _module_preset=\u00bbdefault\u00bb header_font=\u00bbPoppins||||||||\u00bb header_text_color=\u00bb#000000&#8243; header_font_size=\u00bb20px\u00bb header_line_height=\u00bb1.2em\u00bb body_font=\u00bbMuli||||||||\u00bb body_text_color=\u00bb#000000&#8243; body_font_size=\u00bb15px\u00bb body_line_height=\u00bb1.9em\u00bb meta_font=\u00bbMuli||||||||\u00bb meta_text_color=\u00bb#7fba00&#8243; text_orientation=\u00bbleft\u00bb hover_enabled=\u00bb0&#8243; border_radii=\u00bbon|7px|7px|7px|7px\u00bb border_width_all=\u00bb0px\u00bb box_shadow_style=\u00bbpreset1&#8243; box_shadow_blur=\u00bb42px\u00bb box_shadow_color=\u00bbrgba(110,130,208,0.17)\u00bb sticky_enabled=\u00bb0&#8243;][\/et_pb_blog][\/et_pb_column][\/et_pb_row][\/et_pb_section]<\/p>","protected":false},"excerpt":{"rendered":"<p>Nuestros casos de \u00e9xitoNuestros casos m\u00e1s destacadosEn nuestra cl\u00ednica oftalmol\u00f3gica, no solo queremos informale y ense\u00f1arle nuestras capacidades, sino que adem\u00e1s queremos demostrarle de lo que somos capaces con los casos de algunos de nuestros pacientes.<\/p>","protected":false},"author":3,"featured_media":0,"parent":0,"menu_order":0,"comment_status":"closed","ping_status":"closed","template":"","meta":{"_et_pb_use_builder":"on","_et_pb_old_content":"","_et_gb_content_width":"","inline_featured_image":false,"footnotes":""},"class_list":["post-512","page","type-page","status-publish","hentry"],"yoast_head":"<!-- This site is optimized with the Yoast SEO plugin v26.8 - https:\/\/yoast.com\/product\/yoast-seo-wordpress\/ -->\n<title>Casos de exito - Oftalmolog&iacute;a Veterinaria en Madrid<\/title>\n<meta name=\"robots\" content=\"index, follow, max-snippet:-1, max-image-preview:large, max-video-preview:-1\" \/>\n<link rel=\"canonical\" href=\"https:\/\/oftalmologiaveterinariamadrid.es\/en\/casos-de-exito\/\" \/>\n<meta property=\"og:locale\" content=\"en_GB\" \/>\n<meta property=\"og:type\" content=\"article\" \/>\n<meta property=\"og:title\" content=\"Casos de exito - Oftalmolog&iacute;a Veterinaria en Madrid\" \/>\n<meta property=\"og:description\" content=\"Nuestros casos de \u00e9xitoNuestros casos m\u00e1s destacadosEn nuestra cl\u00ednica oftalmol\u00f3gica, no solo queremos informale y ense\u00f1arle nuestras capacidades, sino que adem\u00e1s queremos demostrarle de lo que somos capaces con los casos de algunos de nuestros pacientes.\" \/>\n<meta property=\"og:url\" content=\"https:\/\/oftalmologiaveterinariamadrid.es\/en\/casos-de-exito\/\" \/>\n<meta property=\"og:site_name\" content=\"Oftalmolog&iacute;a Veterinaria en Madrid\" \/>\n<meta property=\"article:modified_time\" content=\"2023-07-24T17:37:28+00:00\" \/>\n<meta name=\"twitter:card\" content=\"summary_large_image\" \/>\n<meta name=\"twitter:label1\" content=\"Estimated reading time\" \/>\n\t<meta name=\"twitter:data1\" content=\"3 minutes\" \/>\n<script type=\"application\/ld+json\" class=\"yoast-schema-graph\">{\"@context\":\"https:\/\/schema.org\",\"@graph\":[{\"@type\":\"WebPage\",\"@id\":\"https:\/\/oftalmologiaveterinariamadrid.es\/casos-de-exito\/\",\"url\":\"https:\/\/oftalmologiaveterinariamadrid.es\/casos-de-exito\/\",\"name\":\"Casos de exito - Oftalmolog&iacute;a Veterinaria en Madrid\",\"isPartOf\":{\"@id\":\"https:\/\/oftalmologiaveterinariamadrid.es\/#website\"},\"datePublished\":\"2023-06-29T10:51:39+00:00\",\"dateModified\":\"2023-07-24T17:37:28+00:00\",\"breadcrumb\":{\"@id\":\"https:\/\/oftalmologiaveterinariamadrid.es\/casos-de-exito\/#breadcrumb\"},\"inLanguage\":\"en-GB\",\"potentialAction\":[{\"@type\":\"ReadAction\",\"target\":[\"https:\/\/oftalmologiaveterinariamadrid.es\/casos-de-exito\/\"]}]},{\"@type\":\"BreadcrumbList\",\"@id\":\"https:\/\/oftalmologiaveterinariamadrid.es\/casos-de-exito\/#breadcrumb\",\"itemListElement\":[{\"@type\":\"ListItem\",\"position\":1,\"name\":\"Portada\",\"item\":\"https:\/\/oftalmologiaveterinariamadrid.es\/\"},{\"@type\":\"ListItem\",\"position\":2,\"name\":\"Casos de exito\"}]},{\"@type\":\"WebSite\",\"@id\":\"https:\/\/oftalmologiaveterinariamadrid.es\/#website\",\"url\":\"https:\/\/oftalmologiaveterinariamadrid.es\/\",\"name\":\"Oftalmolog&iacute;a Veterinaria en Madrid\",\"description\":\"Centro de Veterinario ABRANTES\",\"potentialAction\":[{\"@type\":\"SearchAction\",\"target\":{\"@type\":\"EntryPoint\",\"urlTemplate\":\"https:\/\/oftalmologiaveterinariamadrid.es\/?s={search_term_string}\"},\"query-input\":{\"@type\":\"PropertyValueSpecification\",\"valueRequired\":true,\"valueName\":\"search_term_string\"}}],\"inLanguage\":\"en-GB\"}]}<\/script>\n<!-- \/ Yoast SEO plugin. -->","yoast_head_json":{"title":"Casos de exito - Oftalmolog&iacute;a Veterinaria en Madrid","robots":{"index":"index","follow":"follow","max-snippet":"max-snippet:-1","max-image-preview":"max-image-preview:large","max-video-preview":"max-video-preview:-1"},"canonical":"https:\/\/oftalmologiaveterinariamadrid.es\/en\/casos-de-exito\/","og_locale":"en_GB","og_type":"article","og_title":"Casos de exito - Oftalmolog&iacute;a Veterinaria en Madrid","og_description":"Nuestros casos de \u00e9xitoNuestros casos m\u00e1s destacadosEn nuestra cl\u00ednica oftalmol\u00f3gica, no solo queremos informale y ense\u00f1arle nuestras capacidades, sino que adem\u00e1s queremos demostrarle de lo que somos capaces con los casos de algunos de nuestros pacientes.","og_url":"https:\/\/oftalmologiaveterinariamadrid.es\/en\/casos-de-exito\/","og_site_name":"Oftalmolog&iacute;a Veterinaria en Madrid","article_modified_time":"2023-07-24T17:37:28+00:00","twitter_card":"summary_large_image","twitter_misc":{"Estimated reading time":"3 minutes"},"schema":{"@context":"https:\/\/schema.org","@graph":[{"@type":"WebPage","@id":"https:\/\/oftalmologiaveterinariamadrid.es\/casos-de-exito\/","url":"https:\/\/oftalmologiaveterinariamadrid.es\/casos-de-exito\/","name":"Casos de exito - Oftalmolog&iacute;a Veterinaria en Madrid","isPartOf":{"@id":"https:\/\/oftalmologiaveterinariamadrid.es\/#website"},"datePublished":"2023-06-29T10:51:39+00:00","dateModified":"2023-07-24T17:37:28+00:00","breadcrumb":{"@id":"https:\/\/oftalmologiaveterinariamadrid.es\/casos-de-exito\/#breadcrumb"},"inLanguage":"en-GB","potentialAction":[{"@type":"ReadAction","target":["https:\/\/oftalmologiaveterinariamadrid.es\/casos-de-exito\/"]}]},{"@type":"BreadcrumbList","@id":"https:\/\/oftalmologiaveterinariamadrid.es\/casos-de-exito\/#breadcrumb","itemListElement":[{"@type":"ListItem","position":1,"name":"Portada","item":"https:\/\/oftalmologiaveterinariamadrid.es\/"},{"@type":"ListItem","position":2,"name":"Casos de exito"}]},{"@type":"WebSite","@id":"https:\/\/oftalmologiaveterinariamadrid.es\/#website","url":"https:\/\/oftalmologiaveterinariamadrid.es\/","name":"Oftalmolog&iacute;a Veterinaria en Madrid","description":"Centro de Veterinario ABRANTES","potentialAction":[{"@type":"SearchAction","target":{"@type":"EntryPoint","urlTemplate":"https:\/\/oftalmologiaveterinariamadrid.es\/?s={search_term_string}"},"query-input":{"@type":"PropertyValueSpecification","valueRequired":true,"valueName":"search_term_string"}}],"inLanguage":"en-GB"}]}},"_links":{"self":[{"href":"https:\/\/oftalmologiaveterinariamadrid.es\/en\/wp-json\/wp\/v2\/pages\/512","targetHints":{"allow":["GET"]}}],"collection":[{"href":"https:\/\/oftalmologiaveterinariamadrid.es\/en\/wp-json\/wp\/v2\/pages"}],"about":[{"href":"https:\/\/oftalmologiaveterinariamadrid.es\/en\/wp-json\/wp\/v2\/types\/page"}],"author":[{"embeddable":true,"href":"https:\/\/oftalmologiaveterinariamadrid.es\/en\/wp-json\/wp\/v2\/users\/3"}],"replies":[{"embeddable":true,"href":"https:\/\/oftalmologiaveterinariamadrid.es\/en\/wp-json\/wp\/v2\/comments?post=512"}],"version-history":[{"count":10,"href":"https:\/\/oftalmologiaveterinariamadrid.es\/en\/wp-json\/wp\/v2\/pages\/512\/revisions"}],"predecessor-version":[{"id":634,"href":"https:\/\/oftalmologiaveterinariamadrid.es\/en\/wp-json\/wp\/v2\/pages\/512\/revisions\/634"}],"wp:attachment":[{"href":"https:\/\/oftalmologiaveterinariamadrid.es\/en\/wp-json\/wp\/v2\/media?parent=512"}],"curies":[{"name":"wp","href":"https:\/\/api.w.org\/{rel}","templated":true}]}}