{"id":402,"date":"2023-06-29T11:51:35","date_gmt":"2023-06-29T11:51:35","guid":{"rendered":"https:\/\/oftalmologiaveterinariamadrid.es\/?page_id=402"},"modified":"2023-06-29T11:51:35","modified_gmt":"2023-06-29T11:51:35","slug":"epifora","status":"publish","type":"page","link":"https:\/\/oftalmologiaveterinariamadrid.es\/en\/epifora\/","title":{"rendered":"Ep\u00edfora"},"content":{"rendered":"<p>[et_pb_section fb_built=\u00bb1&#8243; _builder_version=\u00bb4.8.1&#8243; _module_preset=\u00bbdefault\u00bb background_color=\u00bbRGBA(0,0,0,0)\u00bb use_background_color_gradient=\u00bbon\u00bb background_color_gradient_start=\u00bbrgba(108,170,197,0.7)\u00bb background_color_gradient_end=\u00bbrgba(108,170,197,0.7)\u00bb background_color_gradient_overlays_image=\u00bbon\u00bb background_image=\u00bbhttps:\/\/oftalmologiaveterinariamadrid.es\/wp-content\/uploads\/2021\/01\/cuidados-perro-nieve-temporal-frio-1240&#215;827-1.jpg\u00bb min_height=\u00bb301.4px\u00bb custom_padding=\u00bb105px||105px||false|\u00bb filter_hue_rotate=\u00bb250deg\u00bb filter_saturate=\u00bb110%\u00bb bottom_divider_style=\u00bbarrow2&#8243; bottom_divider_color=\u00bb#f3f6fa\u00bb][et_pb_row _builder_version=\u00bb4.7.4&#8243; _module_preset=\u00bbdefault\u00bb][et_pb_column type=\u00bb4_4&#8243; _builder_version=\u00bb4.7.4&#8243; _module_preset=\u00bbdefault\u00bb][et_pb_text _builder_version=\u00bb4.7.4&#8243; _module_preset=\u00bbdefault\u00bb text_font=\u00bbPoppins|500|||||||\u00bb text_text_color=\u00bb#ffffff\u00bb text_font_size=\u00bb56px\u00bb text_line_height=\u00bb1.1em\u00bb header_font=\u00bbautumn||||||||\u00bb header_text_color=\u00bb#ffffff\u00bb header_font_size=\u00bb55px\u00bb header_line_height=\u00bb1.2em\u00bb text_orientation=\u00bbcenter\u00bb custom_margin=\u00bb||0px||false|false\u00bb header_font_size_tablet=\u00bb47px\u00bb header_font_size_phone=\u00bb34px\u00bb header_font_size_last_edited=\u00bbon|desktop\u00bb header_line_height_tablet=\u00bb1.1em\u00bb header_line_height_phone=\u00bb1.4em\u00bb header_line_height_last_edited=\u00bbon|tablet\u00bb locked=\u00bboff\u00bb]<\/p>\n<h1>Atenci\u00f3n Ep\u00edforaEn Madrid<\/h1>\n<p>[\/et_pb_text][\/et_pb_column][\/et_pb_row][et_pb_row _builder_version=\u00bb4.8.1&#8243; _module_preset=\u00bbdefault\u00bb][et_pb_column type=\u00bb4_4&#8243; _builder_version=\u00bb4.8.1&#8243; _module_preset=\u00bbdefault\u00bb][et_pb_button button_url=\u00bbhttps:\/\/oftalmologiaveterinariamadrid.es\/pedir-cita\/\u00bb button_text=\u00bbPide tu cita \u00bb button_alignment=\u00bbcenter\u00bb _builder_version=\u00bb4.8.1&#8243; _module_preset=\u00bbdefault\u00bb custom_button=\u00bbon\u00bb button_text_size=\u00bb17px\u00bb button_text_color=\u00bb#6caac5&#8243; button_bg_color=\u00bb#ffffff\u00bb button_border_width=\u00bb0px\u00bb button_border_radius=\u00bb35px\u00bb button_font=\u00bbPoppins||||||||\u00bb button_use_icon=\u00bboff\u00bb custom_padding=\u00bb12px|35px|12px|35px|true|true\u00bb locked=\u00bboff\u00bb][\/et_pb_button][\/et_pb_column][\/et_pb_row][\/et_pb_section][et_pb_section fb_built=\u00bb1&#8243; _builder_version=\u00bb4.7.4&#8243; _module_preset=\u00bbdefault\u00bb][et_pb_row _builder_version=\u00bb4.7.4&#8243; _module_preset=\u00bbdefault\u00bb][et_pb_column type=\u00bb4_4&#8243; _builder_version=\u00bb4.7.4&#8243; _module_preset=\u00bbdefault\u00bb][et_pb_text _builder_version=\u00bb4.7.6&#8243; _module_preset=\u00bbdefault\u00bb header_3_font=\u00bbautumn||||||||\u00bb header_3_text_align=\u00bbcenter\u00bb header_3_text_color=\u00bb#000000&#8243; header_3_font_size=\u00bb36px\u00bb header_3_line_height=\u00bb1.8em\u00bb custom_margin=\u00bb||0px||false|false\u00bb header_3_font_size_tablet=\u00bb32px\u00bb header_3_font_size_phone=\u00bb28px\u00bb header_3_font_size_last_edited=\u00bbon|phone\u00bb locked=\u00bboff\u00bb header_3_font_size__hover_enabled=\u00bboff|desktop\u00bb]<\/p>\n<h3>Ep\u00edfora<\/h3>\n<p>[\/et_pb_text][et_pb_text _builder_version=\u00bb4.8.1&#8243; _module_preset=\u00bbdefault\u00bb text_font=\u00bbMuli|600|||||||\u00bb text_text_color=\u00bb#000000&#8243; text_font_size=\u00bb16px\u00bb text_line_height=\u00bb1.9em\u00bb text_orientation=\u00bbcenter\u00bb module_alignment=\u00bbcenter\u00bb locked=\u00bboff\u00bb]<\/p>\n<p><span style=\"font-weight: 400;\">La ep\u00edfora es un problema ocular <\/span><b>com\u00fan en perros<\/b><span style=\"font-weight: 400;\"> que se caracteriza por el <\/span><b>exceso de lagrimeo o l\u00e1grimas constantes<\/b><span style=\"font-weight: 400;\">. Se produce cuando hay una obstrucci\u00f3n o mal funcionamiento del sistema de drenaje de las l\u00e1grimas, lo que provoca un <\/span><b>exceso de humedad en el \u00e1rea ocular<\/b><span style=\"font-weight: 400;\">.<\/span><\/p>\n<p><span style=\"font-weight: 400;\">Los s\u00edntomas incluyen manchas de l\u00e1grimas alrededor de los ojos, humedad constante en la cara, irritaci\u00f3n de la piel y la posibilidad de infecciones recurrentes.\u00a0<\/span><\/p>\n<p><span style=\"font-weight: 400;\">Es importante tratar la ep\u00edfora adecuadamente, ya que <\/span><b>el exceso de humedad constante puede irritar la piel circundante y crear un ambiente propicio para el desarrollo de infecciones oculares<\/b><span style=\"font-weight: 400;\">. Nuestra atenci\u00f3n especializada garantiza <\/span><b>un diagn\u00f3stico preciso y un tratamiento eficaz<\/b><span style=\"font-weight: 400;\"> para aliviar los s\u00edntomas y mejorar la calidad de vida de tu perro afectado.<\/span><\/p>\n<p>[\/et_pb_text][et_pb_image src=\u00bbhttps:\/\/oftalmologiaveterinariamadrid.es\/wp-content\/uploads\/2023\/06\/lindo-cachorro-blanco-negro-ojos-adorables-es-mascota-persona.jpg\u00bb alt=\u00bbAlimentaci\u00f3n veterinaria Carabanchel Madrid\u00bb title_text=\u00bbCute black and white puppy with adorable eyes is pet by a person\u00bb align=\u00bbcenter\u00bb _builder_version=\u00bb4.8.1&#8243; _module_preset=\u00bbdefault\u00bb custom_margin_tablet=\u00bb20px||20px||true|false\u00bb custom_margin_phone=\u00bb\u00bb custom_margin_last_edited=\u00bbon|tablet\u00bb border_radii=\u00bbon|7px|7px|7px|7px\u00bb locked=\u00bboff\u00bb custom_margin__hover_enabled=\u00bboff|desktop\u00bb][\/et_pb_image][et_pb_button button_url=\u00bbhttps:\/\/oftalmologiaveterinariamadrid.es\/?page_id=512&#8243; button_text=\u00bbConsulta nuestros casos de \u00e9xito\u00bb button_alignment=\u00bbcenter\u00bb _builder_version=\u00bb4.8.1&#8243; _module_preset=\u00bbdefault\u00bb custom_button=\u00bbon\u00bb button_text_size=\u00bb17px\u00bb button_text_color=\u00bb#FFFFFF\u00bb button_bg_color=\u00bb#88ba1d\u00bb button_border_width=\u00bb0px\u00bb button_border_color=\u00bb#88ba1d\u00bb button_border_radius=\u00bb35px\u00bb button_font=\u00bbPoppins||||||||\u00bb button_use_icon=\u00bboff\u00bb custom_padding=\u00bb12px|35px|12px|35px|true|true\u00bb hover_enabled=\u00bb0&#8243; locked=\u00bboff\u00bb sticky_enabled=\u00bb0&#8243;][\/et_pb_button][\/et_pb_column][\/et_pb_row][\/et_pb_section]<\/p>","protected":false},"excerpt":{"rendered":"<p>Atenci\u00f3n Ep\u00edforaEn MadridEp\u00edforaLa ep\u00edfora es un problema ocular com\u00fan en perros que se caracteriza por el exceso de lagrimeo o l\u00e1grimas constantes. Se produce cuando hay una obstrucci\u00f3n o mal funcionamiento del sistema de drenaje de las l\u00e1grimas, lo que provoca un exceso de humedad en el \u00e1rea ocular. Los s\u00edntomas incluyen manchas de l\u00e1grimas [&hellip;]<\/p>","protected":false},"author":3,"featured_media":0,"parent":0,"menu_order":0,"comment_status":"closed","ping_status":"closed","template":"","meta":{"_et_pb_use_builder":"on","_et_pb_old_content":"","_et_gb_content_width":"","inline_featured_image":false,"footnotes":""},"class_list":["post-402","page","type-page","status-publish","hentry"],"yoast_head":"<!-- This site is optimized with the Yoast SEO plugin v26.8 - https:\/\/yoast.com\/product\/yoast-seo-wordpress\/ -->\n<title>Ep\u00edfora - Oftalmolog&iacute;a Veterinaria en Madrid<\/title>\n<meta name=\"robots\" content=\"index, follow, max-snippet:-1, max-image-preview:large, max-video-preview:-1\" \/>\n<link rel=\"canonical\" href=\"https:\/\/oftalmologiaveterinariamadrid.es\/en\/epifora\/\" \/>\n<meta property=\"og:locale\" content=\"en_GB\" \/>\n<meta property=\"og:type\" content=\"article\" \/>\n<meta property=\"og:title\" content=\"Ep\u00edfora - Oftalmolog&iacute;a Veterinaria en Madrid\" \/>\n<meta property=\"og:description\" content=\"Atenci\u00f3n Ep\u00edforaEn MadridEp\u00edforaLa ep\u00edfora es un problema ocular com\u00fan en perros que se caracteriza por el exceso de lagrimeo o l\u00e1grimas constantes. Se produce cuando hay una obstrucci\u00f3n o mal funcionamiento del sistema de drenaje de las l\u00e1grimas, lo que provoca un exceso de humedad en el \u00e1rea ocular. Los s\u00edntomas incluyen manchas de l\u00e1grimas [&hellip;]\" \/>\n<meta property=\"og:url\" content=\"https:\/\/oftalmologiaveterinariamadrid.es\/en\/epifora\/\" \/>\n<meta property=\"og:site_name\" content=\"Oftalmolog&iacute;a Veterinaria en Madrid\" \/>\n<meta name=\"twitter:card\" content=\"summary_large_image\" \/>\n<meta name=\"twitter:label1\" content=\"Estimated reading time\" \/>\n\t<meta name=\"twitter:data1\" content=\"3 minutes\" \/>\n<script type=\"application\/ld+json\" class=\"yoast-schema-graph\">{\"@context\":\"https:\/\/schema.org\",\"@graph\":[{\"@type\":\"WebPage\",\"@id\":\"https:\/\/oftalmologiaveterinariamadrid.es\/epifora\/\",\"url\":\"https:\/\/oftalmologiaveterinariamadrid.es\/epifora\/\",\"name\":\"Ep\u00edfora - Oftalmolog&iacute;a Veterinaria en Madrid\",\"isPartOf\":{\"@id\":\"https:\/\/oftalmologiaveterinariamadrid.es\/#website\"},\"datePublished\":\"2023-06-29T11:51:35+00:00\",\"breadcrumb\":{\"@id\":\"https:\/\/oftalmologiaveterinariamadrid.es\/epifora\/#breadcrumb\"},\"inLanguage\":\"en-GB\",\"potentialAction\":[{\"@type\":\"ReadAction\",\"target\":[\"https:\/\/oftalmologiaveterinariamadrid.es\/epifora\/\"]}]},{\"@type\":\"BreadcrumbList\",\"@id\":\"https:\/\/oftalmologiaveterinariamadrid.es\/epifora\/#breadcrumb\",\"itemListElement\":[{\"@type\":\"ListItem\",\"position\":1,\"name\":\"Portada\",\"item\":\"https:\/\/oftalmologiaveterinariamadrid.es\/\"},{\"@type\":\"ListItem\",\"position\":2,\"name\":\"Ep\u00edfora\"}]},{\"@type\":\"WebSite\",\"@id\":\"https:\/\/oftalmologiaveterinariamadrid.es\/#website\",\"url\":\"https:\/\/oftalmologiaveterinariamadrid.es\/\",\"name\":\"Oftalmolog&iacute;a Veterinaria en Madrid\",\"description\":\"Centro de Veterinario ABRANTES\",\"potentialAction\":[{\"@type\":\"SearchAction\",\"target\":{\"@type\":\"EntryPoint\",\"urlTemplate\":\"https:\/\/oftalmologiaveterinariamadrid.es\/?s={search_term_string}\"},\"query-input\":{\"@type\":\"PropertyValueSpecification\",\"valueRequired\":true,\"valueName\":\"search_term_string\"}}],\"inLanguage\":\"en-GB\"}]}<\/script>\n<!-- \/ Yoast SEO plugin. -->","yoast_head_json":{"title":"Ep\u00edfora - Oftalmolog&iacute;a Veterinaria en Madrid","robots":{"index":"index","follow":"follow","max-snippet":"max-snippet:-1","max-image-preview":"max-image-preview:large","max-video-preview":"max-video-preview:-1"},"canonical":"https:\/\/oftalmologiaveterinariamadrid.es\/en\/epifora\/","og_locale":"en_GB","og_type":"article","og_title":"Ep\u00edfora - Oftalmolog&iacute;a Veterinaria en Madrid","og_description":"Atenci\u00f3n Ep\u00edforaEn MadridEp\u00edforaLa ep\u00edfora es un problema ocular com\u00fan en perros que se caracteriza por el exceso de lagrimeo o l\u00e1grimas constantes. Se produce cuando hay una obstrucci\u00f3n o mal funcionamiento del sistema de drenaje de las l\u00e1grimas, lo que provoca un exceso de humedad en el \u00e1rea ocular. Los s\u00edntomas incluyen manchas de l\u00e1grimas [&hellip;]","og_url":"https:\/\/oftalmologiaveterinariamadrid.es\/en\/epifora\/","og_site_name":"Oftalmolog&iacute;a Veterinaria en Madrid","twitter_card":"summary_large_image","twitter_misc":{"Estimated reading time":"3 minutes"},"schema":{"@context":"https:\/\/schema.org","@graph":[{"@type":"WebPage","@id":"https:\/\/oftalmologiaveterinariamadrid.es\/epifora\/","url":"https:\/\/oftalmologiaveterinariamadrid.es\/epifora\/","name":"Ep\u00edfora - Oftalmolog&iacute;a Veterinaria en Madrid","isPartOf":{"@id":"https:\/\/oftalmologiaveterinariamadrid.es\/#website"},"datePublished":"2023-06-29T11:51:35+00:00","breadcrumb":{"@id":"https:\/\/oftalmologiaveterinariamadrid.es\/epifora\/#breadcrumb"},"inLanguage":"en-GB","potentialAction":[{"@type":"ReadAction","target":["https:\/\/oftalmologiaveterinariamadrid.es\/epifora\/"]}]},{"@type":"BreadcrumbList","@id":"https:\/\/oftalmologiaveterinariamadrid.es\/epifora\/#breadcrumb","itemListElement":[{"@type":"ListItem","position":1,"name":"Portada","item":"https:\/\/oftalmologiaveterinariamadrid.es\/"},{"@type":"ListItem","position":2,"name":"Ep\u00edfora"}]},{"@type":"WebSite","@id":"https:\/\/oftalmologiaveterinariamadrid.es\/#website","url":"https:\/\/oftalmologiaveterinariamadrid.es\/","name":"Oftalmolog&iacute;a Veterinaria en Madrid","description":"Centro de Veterinario ABRANTES","potentialAction":[{"@type":"SearchAction","target":{"@type":"EntryPoint","urlTemplate":"https:\/\/oftalmologiaveterinariamadrid.es\/?s={search_term_string}"},"query-input":{"@type":"PropertyValueSpecification","valueRequired":true,"valueName":"search_term_string"}}],"inLanguage":"en-GB"}]}},"_links":{"self":[{"href":"https:\/\/oftalmologiaveterinariamadrid.es\/en\/wp-json\/wp\/v2\/pages\/402","targetHints":{"allow":["GET"]}}],"collection":[{"href":"https:\/\/oftalmologiaveterinariamadrid.es\/en\/wp-json\/wp\/v2\/pages"}],"about":[{"href":"https:\/\/oftalmologiaveterinariamadrid.es\/en\/wp-json\/wp\/v2\/types\/page"}],"author":[{"embeddable":true,"href":"https:\/\/oftalmologiaveterinariamadrid.es\/en\/wp-json\/wp\/v2\/users\/3"}],"replies":[{"embeddable":true,"href":"https:\/\/oftalmologiaveterinariamadrid.es\/en\/wp-json\/wp\/v2\/comments?post=402"}],"version-history":[{"count":5,"href":"https:\/\/oftalmologiaveterinariamadrid.es\/en\/wp-json\/wp\/v2\/pages\/402\/revisions"}],"predecessor-version":[{"id":525,"href":"https:\/\/oftalmologiaveterinariamadrid.es\/en\/wp-json\/wp\/v2\/pages\/402\/revisions\/525"}],"wp:attachment":[{"href":"https:\/\/oftalmologiaveterinariamadrid.es\/en\/wp-json\/wp\/v2\/media?parent=402"}],"curies":[{"name":"wp","href":"https:\/\/api.w.org\/{rel}","templated":true}]}}